{"id":408,"date":"2023-12-27T13:14:44","date_gmt":"2023-12-27T12:14:44","guid":{"rendered":"http:\/\/autobahntheaterkollektiv.de\/?page_id=408"},"modified":"2024-01-09T08:41:26","modified_gmt":"2024-01-09T07:41:26","slug":"impressum","status":"publish","type":"page","link":"https:\/\/mirellaoestreicher.de\/en\/impressum\/","title":{"rendered":"Legal Notice"},"content":{"rendered":"<div data-elementor-type=\"wp-page\" data-elementor-id=\"408\" class=\"elementor elementor-408\" data-elementor-post-type=\"page\">\n\t\t\t\t\t\t\t<div class=\"elementor-element elementor-element-43854bf e-flex e-con-boxed e-con e-parent\" data-id=\"43854bf\" data-element_type=\"container\" data-settings=\"{&quot;content_width&quot;:&quot;boxed&quot;}\" data-core-v316-plus=\"true\">\n\t\t\t\t\t<div class=\"e-con-inner\">\n\t\t\t\t<div class=\"elementor-element elementor-element-ffa5219 elementor-widget elementor-widget-image\" data-id=\"ffa5219\" data-element_type=\"widget\" data-widget_type=\"image.default\">\n\t\t\t\t<div class=\"elementor-widget-container\">\n\t\t\t<style>\/*! elementor - v3.18.0 - 08-12-2023 *\/\n.elementor-widget-image{text-align:center}.elementor-widget-image a{display:inline-block}.elementor-widget-image a img[src$=\".svg\"]{width:48px}.elementor-widget-image img{vertical-align:middle;display:inline-block}<\/style>\t\t\t\t\t\t\t\t\t\t\t\t<img fetchpriority=\"high\" decoding=\"async\" width=\"800\" height=\"502\" src=\"https:\/\/mirellaoestreicher.de\/wp-content\/uploads\/2023\/12\/IMPRESSUM.png\" class=\"attachment-large size-large wp-image-410\" alt=\"\" srcset=\"https:\/\/mirellaoestreicher.de\/wp-content\/uploads\/2023\/12\/IMPRESSUM.png 1024w, https:\/\/mirellaoestreicher.de\/wp-content\/uploads\/2023\/12\/IMPRESSUM-300x188.png 300w, https:\/\/mirellaoestreicher.de\/wp-content\/uploads\/2023\/12\/IMPRESSUM-768x482.png 768w\" sizes=\"(max-width: 800px) 100vw, 800px\" \/>\t\t\t\t\t\t\t\t\t\t\t\t\t\t\t<\/div>\n\t\t\t\t<\/div>\n\t\t\t\t<div class=\"elementor-element elementor-element-0254876 elementor-widget elementor-widget-text-editor\" data-id=\"0254876\" data-element_type=\"widget\" data-widget_type=\"text-editor.default\">\n\t\t\t\t<div class=\"elementor-widget-container\">\n\t\t\t<style>\/*! elementor - v3.18.0 - 08-12-2023 *\/\n.elementor-widget-text-editor.elementor-drop-cap-view-stacked .elementor-drop-cap{background-color:#69727d;color:#fff}.elementor-widget-text-editor.elementor-drop-cap-view-framed .elementor-drop-cap{color:#69727d;border:3px solid;background-color:transparent}.elementor-widget-text-editor:not(.elementor-drop-cap-view-default) .elementor-drop-cap{margin-top:8px}.elementor-widget-text-editor:not(.elementor-drop-cap-view-default) .elementor-drop-cap-letter{width:1em;height:1em}.elementor-widget-text-editor .elementor-drop-cap{float:left;text-align:center;line-height:1;font-size:50px}.elementor-widget-text-editor .elementor-drop-cap-letter{display:inline-block}<\/style>\t\t\t\tThe contents of the <strong>mirellaoestreicher.de<\/strong> presentation are available for viewing on the Internet and may not be used for personal (private) use or copied or reproduced in digital or analog form. If you intend to use the Content commercially or in any other way, you must obtain permission from mirellaoestreicher:\t\t\t\t\t\t<\/div>\n\t\t\t\t<\/div>\n\t\t\t\t<div class=\"elementor-element elementor-element-cc113c7 elementor-widget elementor-widget-text-editor\" data-id=\"cc113c7\" data-element_type=\"widget\" data-widget_type=\"text-editor.default\">\n\t\t\t\t<div class=\"elementor-widget-container\">\n\t\t\t\t\t\t\t+49 163 2531947\t\t\t\t\t\t<\/div>\n\t\t\t\t<\/div>\n\t\t\t\t<div class=\"elementor-element elementor-element-f9fef33 elementor-widget elementor-widget-text-editor\" data-id=\"f9fef33\" data-element_type=\"widget\" data-widget_type=\"text-editor.default\">\n\t\t\t\t<div class=\"elementor-widget-container\">\n\t\t\t\t\t\t\tmirellaoestreicher@googlemail.com\t\t\t\t\t\t<\/div>\n\t\t\t\t<\/div>\n\t\t\t\t<div class=\"elementor-element elementor-element-0591477 elementor-widget elementor-widget-text-editor\" data-id=\"0591477\" data-element_type=\"widget\" data-widget_type=\"text-editor.default\">\n\t\t\t\t<div class=\"elementor-widget-container\">\n\t\t\t\t\t\t\t<p><a href=\"https:\/\/mirellaoestreicher.de\/en\/\">www.mirellaoestreicher.de<\/a><\/p>\t\t\t\t\t\t<\/div>\n\t\t\t\t<\/div>\n\t\t\t\t\t<\/div>\n\t\t\t\t<\/div>\n\t\t<div class=\"elementor-element elementor-element-90a541c e-flex e-con-boxed e-con e-parent\" data-id=\"90a541c\" data-element_type=\"container\" data-settings=\"{&quot;content_width&quot;:&quot;boxed&quot;}\" data-core-v316-plus=\"true\">\n\t\t\t\t\t<div class=\"e-con-inner\">\n\t\t\t\t<div class=\"elementor-element elementor-element-8eae1e2 elementor-widget elementor-widget-heading\" data-id=\"8eae1e2\" data-element_type=\"widget\" data-widget_type=\"heading.default\">\n\t\t\t\t<div class=\"elementor-widget-container\">\n\t\t\t<style>\/*! elementor - v3.18.0 - 08-12-2023 *\/\n.elementor-heading-title{padding:0;margin:0;line-height:1}.elementor-widget-heading .elementor-heading-title[class*=elementor-size-]>a{color:inherit;font-size:inherit;line-height:inherit}.elementor-widget-heading .elementor-heading-title.elementor-size-small{font-size:15px}.elementor-widget-heading .elementor-heading-title.elementor-size-medium{font-size:19px}.elementor-widget-heading .elementor-heading-title.elementor-size-large{font-size:29px}.elementor-widget-heading .elementor-heading-title.elementor-size-xl{font-size:39px}.elementor-widget-heading .elementor-heading-title.elementor-size-xxl{font-size:59px}<\/style><h2 class=\"elementor-heading-title elementor-size-default\">Layout &amp; technical implementation<\/h2>\t\t<\/div>\n\t\t\t\t<\/div>\n\t\t\t\t<div class=\"elementor-element elementor-element-281161c elementor-widget elementor-widget-heading\" data-id=\"281161c\" data-element_type=\"widget\" data-widget_type=\"heading.default\">\n\t\t\t\t<div class=\"elementor-widget-container\">\n\t\t\t<h2 class=\"elementor-heading-title elementor-size-default\"><a href=\"http:\/\/www.instudioarts.com\" target=\"_blank\">www.instudioarts.com<\/a><\/h2>\t\t<\/div>\n\t\t\t\t<\/div>\n\t\t\t\t\t<\/div>\n\t\t\t\t<\/div>\n\t\t\t\t\t\t\t<\/div>","protected":false},"excerpt":{"rendered":"<p>Die Inhalte der mirellaoestreicher.de Pr\u00e4sentation stehen im Internet zur Ansicht zur Verf\u00fcgung und d\u00fcrfen nicht f\u00fcr den pers\u00f6nlichen (privaten) Gebrauch genutzt, oder weder in digitaler noch analoger Form kopiert oder reproduziert werden. Wenn Sie beabsichtigen, die Inhalte kommerziell oder auf andere Weise zu nutzen, m\u00fcssen Sie die Zustimmung von mirellaoestreicher einholen:+49 163 2531947mirellaoestreicher@googlemail.com www.mirellaoestreicher.de Layout [&hellip;]<\/p>","protected":false},"author":2,"featured_media":0,"parent":0,"menu_order":0,"comment_status":"closed","ping_status":"closed","template":"elementor_header_footer","meta":{"footnotes":""},"class_list":["post-408","page","type-page","status-publish","hentry"],"_links":{"self":[{"href":"https:\/\/mirellaoestreicher.de\/en\/wp-json\/wp\/v2\/pages\/408","targetHints":{"allow":["GET"]}}],"collection":[{"href":"https:\/\/mirellaoestreicher.de\/en\/wp-json\/wp\/v2\/pages"}],"about":[{"href":"https:\/\/mirellaoestreicher.de\/en\/wp-json\/wp\/v2\/types\/page"}],"author":[{"embeddable":true,"href":"https:\/\/mirellaoestreicher.de\/en\/wp-json\/wp\/v2\/users\/2"}],"replies":[{"embeddable":true,"href":"https:\/\/mirellaoestreicher.de\/en\/wp-json\/wp\/v2\/comments?post=408"}],"version-history":[{"count":43,"href":"https:\/\/mirellaoestreicher.de\/en\/wp-json\/wp\/v2\/pages\/408\/revisions"}],"predecessor-version":[{"id":899,"href":"https:\/\/mirellaoestreicher.de\/en\/wp-json\/wp\/v2\/pages\/408\/revisions\/899"}],"wp:attachment":[{"href":"https:\/\/mirellaoestreicher.de\/en\/wp-json\/wp\/v2\/media?parent=408"}],"curies":[{"name":"wp","href":"https:\/\/api.w.org\/{rel}","templated":true}]}}