{"id":77,"date":"2023-12-25T22:46:32","date_gmt":"2023-12-25T21:46:32","guid":{"rendered":"http:\/\/autobahntheaterkollektiv.de\/?page_id=77"},"modified":"2024-01-18T10:17:14","modified_gmt":"2024-01-18T09:17:14","slug":"uber-mich","status":"publish","type":"page","link":"http:\/\/mirellaoestreicher.de\/en\/uber-mich\/","title":{"rendered":"UBER MICH"},"content":{"rendered":"<div data-elementor-type=\"wp-page\" data-elementor-id=\"77\" class=\"elementor elementor-77\" data-elementor-post-type=\"page\">\n\t\t\t\t\t\t\t<div class=\"elementor-element elementor-element-e1b44aa e-flex e-con-boxed e-con e-parent\" data-id=\"e1b44aa\" data-element_type=\"container\" data-settings=\"{&quot;content_width&quot;:&quot;boxed&quot;}\" data-core-v316-plus=\"true\">\n\t\t\t\t\t<div class=\"e-con-inner\">\n\t\t<div class=\"elementor-element elementor-element-96e97a8 e-con-full e-flex e-con e-child\" data-id=\"96e97a8\" data-element_type=\"container\" data-settings=\"{&quot;content_width&quot;:&quot;full&quot;}\">\n\t\t\t\t<div class=\"elementor-element elementor-element-ca82d1e elementor-widget elementor-widget-image\" data-id=\"ca82d1e\" data-element_type=\"widget\" data-widget_type=\"image.default\">\n\t\t\t\t<div class=\"elementor-widget-container\">\n\t\t\t<style>\/*! elementor - v3.18.0 - 08-12-2023 *\/\n.elementor-widget-image{text-align:center}.elementor-widget-image a{display:inline-block}.elementor-widget-image a img[src$=\".svg\"]{width:48px}.elementor-widget-image img{vertical-align:middle;display:inline-block}<\/style>\t\t\t\t\t\t\t\t\t\t\t\t<img fetchpriority=\"high\" decoding=\"async\" width=\"800\" height=\"692\" src=\"http:\/\/mirellaoestreicher.de\/wp-content\/uploads\/2023\/12\/Uber01.png\" class=\"attachment-large size-large wp-image-85\" alt=\"\" srcset=\"http:\/\/mirellaoestreicher.de\/wp-content\/uploads\/2023\/12\/Uber01.png 1024w, http:\/\/mirellaoestreicher.de\/wp-content\/uploads\/2023\/12\/Uber01-300x260.png 300w, http:\/\/mirellaoestreicher.de\/wp-content\/uploads\/2023\/12\/Uber01-768x665.png 768w\" sizes=\"(max-width: 800px) 100vw, 800px\" \/>\t\t\t\t\t\t\t\t\t\t\t\t\t\t\t<\/div>\n\t\t\t\t<\/div>\n\t\t\t\t<\/div>\n\t\t<div class=\"elementor-element elementor-element-3b70429 e-con-full e-flex e-con e-child\" data-id=\"3b70429\" data-element_type=\"container\" data-settings=\"{&quot;content_width&quot;:&quot;full&quot;}\">\n\t\t\t\t<div class=\"elementor-element elementor-element-7ae7fb1 elementor-widget__width-inherit elementor-widget elementor-widget-heading\" data-id=\"7ae7fb1\" data-element_type=\"widget\" data-widget_type=\"heading.default\">\n\t\t\t\t<div class=\"elementor-widget-container\">\n\t\t\t<style>\/*! elementor - v3.18.0 - 08-12-2023 *\/\n.elementor-heading-title{padding:0;margin:0;line-height:1}.elementor-widget-heading .elementor-heading-title[class*=elementor-size-]>a{color:inherit;font-size:inherit;line-height:inherit}.elementor-widget-heading .elementor-heading-title.elementor-size-small{font-size:15px}.elementor-widget-heading .elementor-heading-title.elementor-size-medium{font-size:19px}.elementor-widget-heading .elementor-heading-title.elementor-size-large{font-size:29px}.elementor-widget-heading .elementor-heading-title.elementor-size-xl{font-size:39px}.elementor-widget-heading .elementor-heading-title.elementor-size-xxl{font-size:59px}<\/style><h2 class=\"elementor-heading-title elementor-size-default\">Biography<\/h2>\t\t<\/div>\n\t\t\t\t<\/div>\n\t\t\t\t<div class=\"elementor-element elementor-element-805485b elementor-widget__width-inherit elementor-widget elementor-widget-text-editor\" data-id=\"805485b\" data-element_type=\"widget\" data-widget_type=\"text-editor.default\">\n\t\t\t\t<div class=\"elementor-widget-container\">\n\t\t\t<style>\/*! elementor - v3.18.0 - 08-12-2023 *\/\n.elementor-widget-text-editor.elementor-drop-cap-view-stacked .elementor-drop-cap{background-color:#69727d;color:#fff}.elementor-widget-text-editor.elementor-drop-cap-view-framed .elementor-drop-cap{color:#69727d;border:3px solid;background-color:transparent}.elementor-widget-text-editor:not(.elementor-drop-cap-view-default) .elementor-drop-cap{margin-top:8px}.elementor-widget-text-editor:not(.elementor-drop-cap-view-default) .elementor-drop-cap-letter{width:1em;height:1em}.elementor-widget-text-editor .elementor-drop-cap{float:left;text-align:center;line-height:1;font-size:50px}.elementor-widget-text-editor .elementor-drop-cap-letter{display:inline-block}<\/style>\t\t\t\t<p>Mirella Oestreicher<\/p>\t\t\t\t\t\t<\/div>\n\t\t\t\t<\/div>\n\t\t<div class=\"elementor-element elementor-element-56b0c0c e-flex e-con-boxed e-con e-child\" data-id=\"56b0c0c\" data-element_type=\"container\" data-settings=\"{&quot;content_width&quot;:&quot;boxed&quot;}\">\n\t\t\t\t\t<div class=\"e-con-inner\">\n\t\t\t\t<div class=\"elementor-element elementor-element-61ba928 elementor-drop-cap-yes elementor-drop-cap-view-default elementor-widget elementor-widget-text-editor\" data-id=\"61ba928\" data-element_type=\"widget\" data-settings=\"{&quot;drop_cap&quot;:&quot;yes&quot;}\" data-widget_type=\"text-editor.default\">\n\t\t\t\t<div class=\"elementor-widget-container\">\n\t\t\t\t\t\t\t<p>l am an artist who combines different art forms. I don't want to limit myself to one form. My work as a freelance artist allows me to delve deeper into topics that concern me. In my work, loften choose the form of fiction to take an abjective look at our sociely. In the theater, current issues are usually dealt with in old dramalic material. I am of the opinion that this method does not allow any substantial. statements to be made about current problems, but only reproduces lived conflicts. In my way of working. I want to start from the future, which means that I invent a fictional world in order to learn more about the possibilities of the present. Collaborating with artists from all over the world and researching and creating together in their countries of origin is mutually enching and broadens my view and, in the best case, that of the audience of our global coexistence.<\/p>\t\t\t\t\t\t<\/div>\n\t\t\t\t<\/div>\n\t\t\t\t\t<\/div>\n\t\t\t\t<\/div>\n\t\t\t\t<\/div>\n\t\t\t\t\t<\/div>\n\t\t\t\t<\/div>\n\t\t<div class=\"elementor-element elementor-element-265bcbf e-flex e-con-boxed e-con e-parent\" data-id=\"265bcbf\" data-element_type=\"container\" data-settings=\"{&quot;content_width&quot;:&quot;boxed&quot;}\" data-core-v316-plus=\"true\">\n\t\t\t\t\t<div class=\"e-con-inner\">\n\t\t\t\t<div class=\"elementor-element elementor-element-5f63961 elementor-widget__width-inherit elementor-widget elementor-widget-heading\" data-id=\"5f63961\" data-element_type=\"widget\" data-widget_type=\"heading.default\">\n\t\t\t\t<div class=\"elementor-widget-container\">\n\t\t\t<h2 class=\"elementor-heading-title elementor-size-default\">CV<\/h2>\t\t<\/div>\n\t\t\t\t<\/div>\n\t\t<div class=\"elementor-element elementor-element-0447d4e e-flex e-con-boxed e-con e-child\" data-id=\"0447d4e\" data-element_type=\"container\" data-settings=\"{&quot;content_width&quot;:&quot;boxed&quot;}\">\n\t\t\t\t\t<div class=\"e-con-inner\">\n\t\t\t\t<div class=\"elementor-element elementor-element-dc46131 elementor-widget-divider--view-line_text elementor-widget-divider--element-align-left elementor-widget elementor-widget-divider\" data-id=\"dc46131\" data-element_type=\"widget\" data-widget_type=\"divider.default\">\n\t\t\t\t<div class=\"elementor-widget-container\">\n\t\t\t<style>\/*! elementor - v3.18.0 - 08-12-2023 *\/\n.elementor-widget-divider{--divider-border-style:none;--divider-border-width:1px;--divider-color:#0c0d0e;--divider-icon-size:20px;--divider-element-spacing:10px;--divider-pattern-height:24px;--divider-pattern-size:20px;--divider-pattern-url:none;--divider-pattern-repeat:repeat-x}.elementor-widget-divider .elementor-divider{display:flex}.elementor-widget-divider .elementor-divider__text{font-size:15px;line-height:1;max-width:95%}.elementor-widget-divider .elementor-divider__element{margin:0 var(--divider-element-spacing);flex-shrink:0}.elementor-widget-divider .elementor-icon{font-size:var(--divider-icon-size)}.elementor-widget-divider .elementor-divider-separator{display:flex;margin:0;direction:ltr}.elementor-widget-divider--view-line_icon .elementor-divider-separator,.elementor-widget-divider--view-line_text .elementor-divider-separator{align-items:center}.elementor-widget-divider--view-line_icon .elementor-divider-separator:after,.elementor-widget-divider--view-line_icon .elementor-divider-separator:before,.elementor-widget-divider--view-line_text .elementor-divider-separator:after,.elementor-widget-divider--view-line_text .elementor-divider-separator:before{display:block;content:\"\";border-bottom:0;flex-grow:1;border-top:var(--divider-border-width) var(--divider-border-style) var(--divider-color)}.elementor-widget-divider--element-align-left .elementor-divider .elementor-divider-separator>.elementor-divider__svg:first-of-type{flex-grow:0;flex-shrink:100}.elementor-widget-divider--element-align-left .elementor-divider-separator:before{content:none}.elementor-widget-divider--element-align-left .elementor-divider__element{margin-left:0}.elementor-widget-divider--element-align-right .elementor-divider .elementor-divider-separator>.elementor-divider__svg:last-of-type{flex-grow:0;flex-shrink:100}.elementor-widget-divider--element-align-right .elementor-divider-separator:after{content:none}.elementor-widget-divider--element-align-right .elementor-divider__element{margin-right:0}.elementor-widget-divider:not(.elementor-widget-divider--view-line_text):not(.elementor-widget-divider--view-line_icon) .elementor-divider-separator{border-top:var(--divider-border-width) var(--divider-border-style) var(--divider-color)}.elementor-widget-divider--separator-type-pattern{--divider-border-style:none}.elementor-widget-divider--separator-type-pattern.elementor-widget-divider--view-line .elementor-divider-separator,.elementor-widget-divider--separator-type-pattern:not(.elementor-widget-divider--view-line) .elementor-divider-separator:after,.elementor-widget-divider--separator-type-pattern:not(.elementor-widget-divider--view-line) .elementor-divider-separator:before,.elementor-widget-divider--separator-type-pattern:not([class*=elementor-widget-divider--view]) .elementor-divider-separator{width:100%;min-height:var(--divider-pattern-height);-webkit-mask-size:var(--divider-pattern-size) 100%;mask-size:var(--divider-pattern-size) 100%;-webkit-mask-repeat:var(--divider-pattern-repeat);mask-repeat:var(--divider-pattern-repeat);background-color:var(--divider-color);-webkit-mask-image:var(--divider-pattern-url);mask-image:var(--divider-pattern-url)}.elementor-widget-divider--no-spacing{--divider-pattern-size:auto}.elementor-widget-divider--bg-round{--divider-pattern-repeat:round}.rtl .elementor-widget-divider .elementor-divider__text{direction:rtl}.e-con-inner>.elementor-widget-divider,.e-con>.elementor-widget-divider{width:var(--container-widget-width,100%);--flex-grow:var(--container-widget-flex-grow)}<\/style>\t\t<div class=\"elementor-divider\">\n\t\t\t<span class=\"elementor-divider-separator\">\n\t\t\t\t\t\t\t<span class=\"elementor-divider__text elementor-divider__element\">\n\t\t\t\tBildung\t\t\t\t<\/span>\n\t\t\t\t\t\t<\/span>\n\t\t<\/div>\n\t\t\t\t<\/div>\n\t\t\t\t<\/div>\n\t\t\t\t<div class=\"elementor-element elementor-element-67266a1 elementor-widget elementor-widget-text-editor\" data-id=\"67266a1\" data-element_type=\"widget\" data-widget_type=\"text-editor.default\">\n\t\t\t\t<div class=\"elementor-widget-container\">\n\t\t\t\t\t\t\t<p>Abitur, M\u00fcnchen \u2014 2005<\/p><p>Universit\u00e4t der K\u00fcnste Berlin, Diplom im Studiengang B\u00fchnenbild \u2014 2012<\/p><p>Hochschule f\u00fcr bildende K\u00fcnste Dresden, Meistersch\u00fclerstudium im Studiengang<br \/>B\u00fchnen und Kost\u00fcmbild \u20142015<\/p><p>Teilnahme beim Praxisworkshop der Akademie Remscheid: Vielfalt statt Einheit,<br \/>Diversit\u00e4tsbewusstsein in der Kulturellen Bildung \u20142016<\/p>\t\t\t\t\t\t<\/div>\n\t\t\t\t<\/div>\n\t\t\t\t\t<\/div>\n\t\t\t\t<\/div>\n\t\t<div class=\"elementor-element elementor-element-bc5d625 e-flex e-con-boxed e-con e-child\" data-id=\"bc5d625\" data-element_type=\"container\" data-settings=\"{&quot;content_width&quot;:&quot;boxed&quot;}\">\n\t\t\t\t\t<div class=\"e-con-inner\">\n\t\t\t\t<div class=\"elementor-element elementor-element-95c596a elementor-widget-divider--view-line_text elementor-widget-divider--element-align-left elementor-widget elementor-widget-divider\" data-id=\"95c596a\" data-element_type=\"widget\" data-widget_type=\"divider.default\">\n\t\t\t\t<div class=\"elementor-widget-container\">\n\t\t\t\t\t<div class=\"elementor-divider\">\n\t\t\t<span class=\"elementor-divider-separator\">\n\t\t\t\t\t\t\t<span class=\"elementor-divider__text elementor-divider__element\">\n\t\t\t\tExperience\t\t\t\t<\/span>\n\t\t\t\t\t\t<\/span>\n\t\t<\/div>\n\t\t\t\t<\/div>\n\t\t\t\t<\/div>\n\t\t\t\t<div class=\"elementor-element elementor-element-0924fa2 elementor-widget elementor-widget-text-editor\" data-id=\"0924fa2\" data-element_type=\"widget\" data-widget_type=\"text-editor.default\">\n\t\t\t\t<div class=\"elementor-widget-container\">\n\t\t\t\t\t\t\t<p><strong>B\u00dcHNEN UND KOST\u00dcMBILD F\u00dcR DEN JUGENDCLUB, THEATERHAUS JENA \u2014 2013-2024<\/strong><br \/>80 \u00fcber Nacht \u2014 2013, Woyzeck \u2014 2014, Ida und Jakob \u2014 2015, Fremde.Heimat \u20142016,<br \/>Der Fischer und seine Frau \u2014 2017, Jellyland \u2014 2019, Endlich mal was Sch\u00f6nes \u2014 2021,<br \/>B\u00e4r im Boot \u2014 2022, Weigert euch, weigert euch Alle! \u2014 2023, Under Pressure \u20142024<\/p><p>\u00a0<\/p><p><strong>PROJEKTLEITUNG, WORLD WO*MEN-DIE SUCHE NACH EINER UTOPIE \u2014 2020-ONGONIG<\/strong><br \/>Transkulturelles performatives Rechercheprojekt zwischen den L\u00e4ndern Iran, Japan<br \/>und Deutschland; eine K\u00fcnstler:innenensemble aus den drei L\u00e4ndern stellt sich und<br \/>den Menschen vor Ort die Frage: Wie wird Familie in 100 gelebt werden?<\/p><p><strong>WORKSHOPLEITUNG \u2014 2016-ONGOING<\/strong><br \/>Kunst und Musikschule, Theaterworkshop f\u00fcr gefl\u00fcchtete junge Erwachsene \u2014 2015\/16<br \/>Tusch, Theater und Schule M\u00fcnchen, \u2014 2022-24<br \/>Evangelische Pflegeakademie, Theaterworkshop mit Pflegesch\u00fcler:innen \u2014 2023-26<\/p><p><strong>AUSTELLUNGEN \u2014 2023<\/strong><br \/>Digital Forest: WILD, Pathos Theater M\u00fcnchen, eine multimediale Ausstellung \u00fcber die<br \/>Beziehung zwischen Mensch, Natur und k\u00fcnstlicher Intelligenz<br \/>Aufl\u00f6sung, U-Bahn Galerie des Bezirk Maxvorstadt, Malerei<\/p>\t\t\t\t\t\t<\/div>\n\t\t\t\t<\/div>\n\t\t\t\t\t<\/div>\n\t\t\t\t<\/div>\n\t\t<div class=\"elementor-element elementor-element-4bd6d58 e-flex e-con-boxed e-con e-child\" data-id=\"4bd6d58\" data-element_type=\"container\" data-settings=\"{&quot;content_width&quot;:&quot;boxed&quot;}\">\n\t\t\t\t\t<div class=\"e-con-inner\">\n\t\t\t\t<div class=\"elementor-element elementor-element-b1a7c71 elementor-widget-divider--view-line_text elementor-widget-divider--element-align-left elementor-widget elementor-widget-divider\" data-id=\"b1a7c71\" data-element_type=\"widget\" data-widget_type=\"divider.default\">\n\t\t\t\t<div class=\"elementor-widget-container\">\n\t\t\t\t\t<div class=\"elementor-divider\">\n\t\t\t<span class=\"elementor-divider-separator\">\n\t\t\t\t\t\t\t<span class=\"elementor-divider__text elementor-divider__element\">\n\t\t\t\tPROJECT MANAGEMENT\t\t\t\t<\/span>\n\t\t\t\t\t\t<\/span>\n\t\t<\/div>\n\t\t\t\t<\/div>\n\t\t\t\t<\/div>\n\t\t\t\t<div class=\"elementor-element elementor-element-3fa7cd8 elementor-widget elementor-widget-text-editor\" data-id=\"3fa7cd8\" data-element_type=\"widget\" data-widget_type=\"text-editor.default\">\n\t\t\t\t<div class=\"elementor-widget-container\">\n\t\t\t\t\t\t\t<p>Worlds Worst - 2013<\/p><p>Mirella Oestreicher wrote the script and then drew a storyboard and invited various people to become actors in her Internet project.<\/p><p>Interactive media project<\/p><p>KonferenzR\u00fcckwachsDeutschland &#8211; 2015<\/p><p>performative project, mixed media, about the limits of growth<\/p><p>World Wo*Men-the search for a utopia - 2021-ongoing<\/p><p>Transcultural performative research project between Iran, Japan and Germany; an ensemble of artists from the three countries asks themselves and the local people the question: How will family be lived in 100?<\/p><p>Workshop management - 2016-ongoing<\/p><p>Art and music school, theater workshop for young adult refugees - 2015\/16<\/p><p>Tusch, theater and school in Munich - 2022-24<\/p><p>Evangelische Pflegeakademie, \u201cThe ultimate care givers playlist\u201d, theater workshop with nursing students - 2023-26<\/p>\t\t\t\t\t\t<\/div>\n\t\t\t\t<\/div>\n\t\t\t\t\t<\/div>\n\t\t\t\t<\/div>\n\t\t<div class=\"elementor-element elementor-element-fcd5f5e e-flex e-con-boxed e-con e-child\" data-id=\"fcd5f5e\" data-element_type=\"container\" data-settings=\"{&quot;content_width&quot;:&quot;boxed&quot;}\">\n\t\t\t\t\t<div class=\"e-con-inner\">\n\t\t\t\t<div class=\"elementor-element elementor-element-f24d107 elementor-widget-divider--view-line_text elementor-widget-divider--element-align-left elementor-widget elementor-widget-divider\" data-id=\"f24d107\" data-element_type=\"widget\" data-widget_type=\"divider.default\">\n\t\t\t\t<div class=\"elementor-widget-container\">\n\t\t\t\t\t<div class=\"elementor-divider\">\n\t\t\t<span class=\"elementor-divider-separator\">\n\t\t\t\t\t\t\t<span class=\"elementor-divider__text elementor-divider__element\">\n\t\t\t\tEXHIBITIONS\t\t\t\t<\/span>\n\t\t\t\t\t\t<\/span>\n\t\t<\/div>\n\t\t\t\t<\/div>\n\t\t\t\t<\/div>\n\t\t\t\t<div class=\"elementor-element elementor-element-27e4c65 elementor-widget elementor-widget-text-editor\" data-id=\"27e4c65\" data-element_type=\"widget\" data-widget_type=\"text-editor.default\">\n\t\t\t\t<div class=\"elementor-widget-container\">\n\t\t\t\t\t\t\t<p>Digital Forest: WILD, Pathos Theater Munich, a multimedia exhibition about the relationship between humans, nature and artificial intelligence - 2023<\/p><p>Aufl\u00f6sung, subway gallery of the Maxvorstadt district, painting - 202<\/p>\t\t\t\t\t\t<\/div>\n\t\t\t\t<\/div>\n\t\t\t\t\t<\/div>\n\t\t\t\t<\/div>\n\t\t\t\t\t<\/div>\n\t\t\t\t<\/div>\n\t\t\t\t\t\t\t<\/div>","protected":false},"excerpt":{"rendered":"<p>Biografie Mirella Oestreicher Ich bin eine K\u00fcnstlerinnen, die verschiedene Kunstformen kombiniert. Ich m\u00f6chte mich nicht auf eine Form beschr\u00e4nken. Meine Arbeit als freischaffender K\u00fcnstler erm\u00f6glicht es mir, tiefer in Themen einzutauchen, die mich besch\u00e4ftigen. In meiner Arbeit w\u00e4hle ich oft die Form der Fiktion, um einen abstrakten Blick auf unsere Gesellschaft zu werfen. Im Theater [&hellip;]<\/p>","protected":false},"author":2,"featured_media":0,"parent":0,"menu_order":0,"comment_status":"closed","ping_status":"closed","template":"elementor_header_footer","meta":{"footnotes":""},"class_list":["post-77","page","type-page","status-publish","hentry"],"_links":{"self":[{"href":"http:\/\/mirellaoestreicher.de\/en\/wp-json\/wp\/v2\/pages\/77","targetHints":{"allow":["GET"]}}],"collection":[{"href":"http:\/\/mirellaoestreicher.de\/en\/wp-json\/wp\/v2\/pages"}],"about":[{"href":"http:\/\/mirellaoestreicher.de\/en\/wp-json\/wp\/v2\/types\/page"}],"author":[{"embeddable":true,"href":"http:\/\/mirellaoestreicher.de\/en\/wp-json\/wp\/v2\/users\/2"}],"replies":[{"embeddable":true,"href":"http:\/\/mirellaoestreicher.de\/en\/wp-json\/wp\/v2\/comments?post=77"}],"version-history":[{"count":121,"href":"http:\/\/mirellaoestreicher.de\/en\/wp-json\/wp\/v2\/pages\/77\/revisions"}],"predecessor-version":[{"id":962,"href":"http:\/\/mirellaoestreicher.de\/en\/wp-json\/wp\/v2\/pages\/77\/revisions\/962"}],"wp:attachment":[{"href":"http:\/\/mirellaoestreicher.de\/en\/wp-json\/wp\/v2\/media?parent=77"}],"curies":[{"name":"wp","href":"https:\/\/api.w.org\/{rel}","templated":true}]}}