{"id":12,"date":"2023-12-19T21:12:42","date_gmt":"2023-12-19T20:12:42","guid":{"rendered":"http:\/\/autobahntheaterkollektiv.de\/?page_id=12"},"modified":"2024-01-10T23:25:43","modified_gmt":"2024-01-10T22:25:43","slug":"home","status":"publish","type":"page","link":"http:\/\/mirellaoestreicher.de\/en\/","title":{"rendered":"Home"},"content":{"rendered":"<div data-elementor-type=\"wp-page\" data-elementor-id=\"12\" class=\"elementor elementor-12\" data-elementor-post-type=\"page\">\n\t\t\t\t\t\t\t<div class=\"elementor-element elementor-element-2fb9d1b e-flex e-con-boxed e-con e-parent\" data-id=\"2fb9d1b\" data-element_type=\"container\" data-settings=\"{&quot;content_width&quot;:&quot;boxed&quot;}\" data-core-v316-plus=\"true\">\n\t\t\t\t\t<div class=\"e-con-inner\">\n\t\t<div class=\"elementor-element elementor-element-2cdc1a0 e-con-full e-flex e-con e-child\" data-id=\"2cdc1a0\" data-element_type=\"container\" data-settings=\"{&quot;content_width&quot;:&quot;full&quot;}\">\n\t\t\t\t<div class=\"elementor-element elementor-element-056d659 elementor-widget elementor-widget-image\" data-id=\"056d659\" data-element_type=\"widget\" data-widget_type=\"image.default\">\n\t\t\t\t<div class=\"elementor-widget-container\">\n\t\t\t<style>\/*! elementor - v3.18.0 - 08-12-2023 *\/\n.elementor-widget-image{text-align:center}.elementor-widget-image a{display:inline-block}.elementor-widget-image a img[src$=\".svg\"]{width:48px}.elementor-widget-image img{vertical-align:middle;display:inline-block}<\/style>\t\t\t\t\t\t\t\t\t\t\t\t<img fetchpriority=\"high\" decoding=\"async\" width=\"800\" height=\"502\" src=\"http:\/\/mirellaoestreicher.de\/wp-content\/uploads\/2023\/12\/Home.png\" class=\"attachment-large size-large wp-image-55\" alt=\"\" srcset=\"http:\/\/mirellaoestreicher.de\/wp-content\/uploads\/2023\/12\/Home.png 1024w, http:\/\/mirellaoestreicher.de\/wp-content\/uploads\/2023\/12\/Home-300x188.png 300w, http:\/\/mirellaoestreicher.de\/wp-content\/uploads\/2023\/12\/Home-768x482.png 768w\" sizes=\"(max-width: 800px) 100vw, 800px\" \/>\t\t\t\t\t\t\t\t\t\t\t\t\t\t\t<\/div>\n\t\t\t\t<\/div>\n\t\t<div class=\"elementor-element elementor-element-9981a48 e-flex e-con-boxed e-con e-child\" data-id=\"9981a48\" data-element_type=\"container\" data-settings=\"{&quot;content_width&quot;:&quot;boxed&quot;}\">\n\t\t\t\t\t<div class=\"e-con-inner\">\n\t\t<div class=\"elementor-element elementor-element-9af90eb e-flex e-con-boxed e-con e-child\" data-id=\"9af90eb\" data-element_type=\"container\" data-settings=\"{&quot;content_width&quot;:&quot;boxed&quot;}\">\n\t\t\t\t\t<div class=\"e-con-inner\">\n\t\t\t\t<div class=\"elementor-element elementor-element-37c9935 elementor-widget-tablet__width-auto elementor-widget elementor-widget-text-editor\" data-id=\"37c9935\" data-element_type=\"widget\" data-widget_type=\"text-editor.default\">\n\t\t\t\t<div class=\"elementor-widget-container\">\n\t\t\t<style>\/*! elementor - v3.18.0 - 08-12-2023 *\/\n.elementor-widget-text-editor.elementor-drop-cap-view-stacked .elementor-drop-cap{background-color:#69727d;color:#fff}.elementor-widget-text-editor.elementor-drop-cap-view-framed .elementor-drop-cap{color:#69727d;border:3px solid;background-color:transparent}.elementor-widget-text-editor:not(.elementor-drop-cap-view-default) .elementor-drop-cap{margin-top:8px}.elementor-widget-text-editor:not(.elementor-drop-cap-view-default) .elementor-drop-cap-letter{width:1em;height:1em}.elementor-widget-text-editor .elementor-drop-cap{float:left;text-align:center;line-height:1;font-size:50px}.elementor-widget-text-editor .elementor-drop-cap-letter{display:inline-block}<\/style>\t\t\t\t<p>World Wo*Men<\/p><p>Photographer: Malte Wandel, Volker Derlath<\/p>\t\t\t\t\t\t<\/div>\n\t\t\t\t<\/div>\n\t\t\t\t\t<\/div>\n\t\t\t\t<\/div>\n\t\t\t\t\t<\/div>\n\t\t\t\t<\/div>\n\t\t\t\t<\/div>\n\t\t<div class=\"elementor-element elementor-element-b5a8676 e-con-full e-flex e-con e-child\" data-id=\"b5a8676\" data-element_type=\"container\" data-settings=\"{&quot;content_width&quot;:&quot;full&quot;}\">\n\t\t\t\t<div class=\"elementor-element elementor-element-ebf57a6 elementor-widget elementor-widget-text-editor\" data-id=\"ebf57a6\" data-element_type=\"widget\" data-widget_type=\"text-editor.default\">\n\t\t\t\t<div class=\"elementor-widget-container\">\n\t\t\t\t\t\t\t<p>World Wo*Men is a transcontinental performative research project about the family in 100 years. An ensemble consisting of theater makers from Japan, Germany and Iran ask themselves and the people of the three countries how family will be lived in 100 years. The very personal interviews are the Lasis for a performative exhibition concept that has so far been staged in Munich, Germany and Yerevan, Armenia. It will now celebrate its national premiere in Beppu, Japan in 2024.<\/p>\t\t\t\t\t\t<\/div>\n\t\t\t\t<\/div>\n\t\t\t\t<\/div>\n\t\t\t\t\t<\/div>\n\t\t\t\t<\/div>\n\t\t\t\t\t\t\t<\/div>","protected":false},"excerpt":{"rendered":"<p>World Wo*Men Fotos: Malte Wandel, Volker Derlath World Wo*Men ist ein transkontinentales performatives Forschungsprojekt \u00fcber die Familie in 100 Jahren. Ein Ensemble von Theatermachern aus Japan, Deutschland und dem Iran befragt sich selbst und Menschen in den drei L\u00e4ndern, wie Familie in 100 Jahren gelebt wird. Die sehr pers\u00f6nlichen Interviews bilden die Grundlage f\u00fcr ein [&hellip;]<\/p>","protected":false},"author":1,"featured_media":0,"parent":0,"menu_order":0,"comment_status":"closed","ping_status":"closed","template":"elementor_header_footer","meta":{"footnotes":""},"class_list":["post-12","page","type-page","status-publish","hentry"],"_links":{"self":[{"href":"http:\/\/mirellaoestreicher.de\/en\/wp-json\/wp\/v2\/pages\/12","targetHints":{"allow":["GET"]}}],"collection":[{"href":"http:\/\/mirellaoestreicher.de\/en\/wp-json\/wp\/v2\/pages"}],"about":[{"href":"http:\/\/mirellaoestreicher.de\/en\/wp-json\/wp\/v2\/types\/page"}],"author":[{"embeddable":true,"href":"http:\/\/mirellaoestreicher.de\/en\/wp-json\/wp\/v2\/users\/1"}],"replies":[{"embeddable":true,"href":"http:\/\/mirellaoestreicher.de\/en\/wp-json\/wp\/v2\/comments?post=12"}],"version-history":[{"count":43,"href":"http:\/\/mirellaoestreicher.de\/en\/wp-json\/wp\/v2\/pages\/12\/revisions"}],"predecessor-version":[{"id":908,"href":"http:\/\/mirellaoestreicher.de\/en\/wp-json\/wp\/v2\/pages\/12\/revisions\/908"}],"wp:attachment":[{"href":"http:\/\/mirellaoestreicher.de\/en\/wp-json\/wp\/v2\/media?parent=12"}],"curies":[{"name":"wp","href":"https:\/\/api.w.org\/{rel}","templated":true}]}}